{"id":109,"date":"2021-06-10T20:27:41","date_gmt":"2021-06-10T18:27:41","guid":{"rendered":"https:\/\/nis-foundation.org\/globaldev\/?page_id=109"},"modified":"2021-09-23T14:46:19","modified_gmt":"2021-09-23T12:46:19","slug":"job-fraud","status":"publish","type":"page","link":"https:\/\/globalestillinger.no\/no\/help\/job-fraud\/","title":{"rendered":"Jobbsvindel"},"content":{"rendered":"<p>Det sirkulerer et \u00f8kende antall falske stillingsannonser p\u00e5 nettet som blant annet krever gebyr fra jobbs\u00f8kere. Nedenfor har vi samlet noen r\u00e5d for hvordan \u00e5 unng\u00e5 svindel.<\/p>\n<p>V\u00e6r oppmerksom p\u00e5 at Globalestillinger.no gj\u00f8r sitt ytterste for \u00e5 sikre at alle utlysninger publisert p\u00e5 v\u00e5re nettsider er ekte. Globalestillinger.no tillater ikke at annons\u00f8rer krever gebyr fra jobbs\u00f8kere. Vennligst <a href=\"https:\/\/globalestillinger.no\/no\/contact\/\">rapporter<\/a> mistenkt eller oppdaget svindel til oss.<\/p>\n<h2>Hva er tegn p\u00e5 en mulig svindel?<\/h2>\n<ul>\n<li>Du blir tilbudt en jobb uten \u00e5 ha deltatt p\u00e5 intervju.<\/li>\n<li>Du blir bedt om \u00e5 sende eller overf\u00f8re penger.<\/li>\n<li>Du blir bedt om \u00e5 betale avgifter for ting som bolig, juridiske dokumenter, visums\u00f8knader eller annet<\/li>\n<li>Du blir bedt om \u00e5 oppgi sensitiv informasjon som bankopplysninger, personnummer eller identifikasjonsnummer.<\/li>\n<\/ul>\n<h2>Hvordan kan du avgj\u00f8re om et jobbtilbud er falskt?<\/h2>\n<ul>\n<li>S\u00f8k p\u00e5 nettstedet\u00a0<a href=\"http:\/\/antifraudintl.org\/\" target=\"_blank\" rel=\"noopener\">Anti Fraud International<\/a>\u00a0for \u00e5 se om en lignende svindel har blitt rapportert f\u00f8r.<\/li>\n<li>Bekreft at e-postadressen som brukes av personen som kommuniserer med deg, samsvarer med navnet p\u00e5 virksomheten.<\/li>\n<li>Kontakt virksomheten via deres offisielle nettside under \"Kontakt oss\" for \u00e5 f\u00e5 bekreftelse p\u00e5 at det er et ekte jobbtilbud.<\/li>\n<\/ul>\n<h2>Hva kan du gj\u00f8re hvis du mener at du har blitt utsatt for svindel?<\/h2>\n<ul>\n<li>Svindel kan rapporteres til lokale myndigheter\/politi. I Norge kan du klage inn svindel eller mistanke om svindel til <a href=\"https:\/\/www.arbeidstilsynet.no\/en\/contact\/report\/\" target=\"_blank\" rel=\"noopener\">Arbeidstilsynet<\/a>.<\/li>\n<\/ul>\n<p>&nbsp;<\/p>","protected":false},"excerpt":{"rendered":"<p>There is an increasing number of fake job offers soliciting fees from applicants circulating on the internet. Below are some tips to avoid fraud. Please note that GlobaleStillinger.no makes all attempts to ensure the authenticity of each job vacancy published on its sites, and that GlobaleStillinger.no does not allow advertisers to charge any fees to [&hellip;]<\/p>","protected":false},"author":1,"featured_media":0,"parent":30,"menu_order":0,"comment_status":"closed","ping_status":"closed","template":"templates\/page-allow-translation.php","meta":{"_acf_changed":false,"footnotes":""},"class_list":["post-109","page","type-page","status-publish","hentry"],"acf":[],"jetpack_sharing_enabled":true,"_links":{"self":[{"href":"https:\/\/globalestillinger.no\/no\/wp-json\/wp\/v2\/pages\/109","targetHints":{"allow":["GET"]}}],"collection":[{"href":"https:\/\/globalestillinger.no\/no\/wp-json\/wp\/v2\/pages"}],"about":[{"href":"https:\/\/globalestillinger.no\/no\/wp-json\/wp\/v2\/types\/page"}],"author":[{"embeddable":true,"href":"https:\/\/globalestillinger.no\/no\/wp-json\/wp\/v2\/users\/1"}],"replies":[{"embeddable":true,"href":"https:\/\/globalestillinger.no\/no\/wp-json\/wp\/v2\/comments?post=109"}],"version-history":[{"count":1,"href":"https:\/\/globalestillinger.no\/no\/wp-json\/wp\/v2\/pages\/109\/revisions"}],"predecessor-version":[{"id":515,"href":"https:\/\/globalestillinger.no\/no\/wp-json\/wp\/v2\/pages\/109\/revisions\/515"}],"up":[{"embeddable":true,"href":"https:\/\/globalestillinger.no\/no\/wp-json\/wp\/v2\/pages\/30"}],"wp:attachment":[{"href":"https:\/\/globalestillinger.no\/no\/wp-json\/wp\/v2\/media?parent=109"}],"curies":[{"name":"wp","href":"https:\/\/api.w.org\/{rel}","templated":true}]}}