{"id":114,"date":"2021-06-10T20:41:13","date_gmt":"2021-06-10T20:41:13","guid":{"rendered":"https:\/\/nis-foundation.org\/globaldev\/?page_id=114"},"modified":"2021-07-04T18:48:02","modified_gmt":"2021-07-04T16:48:02","slug":"job-seekers","status":"publish","type":"page","link":"https:\/\/globalestillinger.no\/no\/help\/job-seekers\/","title":{"rendered":"Jobbs\u00f8kere"},"content":{"rendered":"<h2>Ofte stilte sp\u00f8rsm\u00e5l for arbeidss\u00f8kere<\/h2>","protected":false},"excerpt":{"rendered":"<p>Ofte stilte sp\u00f8rsm\u00e5l for arbeidss\u00f8kere<\/p>","protected":false},"author":1,"featured_media":0,"parent":30,"menu_order":0,"comment_status":"closed","ping_status":"closed","template":"templates\/faqs-template.php","meta":{"_acf_changed":false,"footnotes":""},"class_list":["post-114","page","type-page","status-publish","hentry"],"acf":[],"jetpack_sharing_enabled":false,"_links":{"self":[{"href":"https:\/\/globalestillinger.no\/no\/wp-json\/wp\/v2\/pages\/114","targetHints":{"allow":["GET"]}}],"collection":[{"href":"https:\/\/globalestillinger.no\/no\/wp-json\/wp\/v2\/pages"}],"about":[{"href":"https:\/\/globalestillinger.no\/no\/wp-json\/wp\/v2\/types\/page"}],"author":[{"embeddable":true,"href":"https:\/\/globalestillinger.no\/no\/wp-json\/wp\/v2\/users\/1"}],"replies":[{"embeddable":true,"href":"https:\/\/globalestillinger.no\/no\/wp-json\/wp\/v2\/comments?post=114"}],"version-history":[{"count":0,"href":"https:\/\/globalestillinger.no\/no\/wp-json\/wp\/v2\/pages\/114\/revisions"}],"up":[{"embeddable":true,"href":"https:\/\/globalestillinger.no\/no\/wp-json\/wp\/v2\/pages\/30"}],"wp:attachment":[{"href":"https:\/\/globalestillinger.no\/no\/wp-json\/wp\/v2\/media?parent=114"}],"curies":[{"name":"wp","href":"https:\/\/api.w.org\/{rel}","templated":true}]}}