{"id":5,"date":"2021-05-28T15:55:49","date_gmt":"2021-05-28T15:55:49","guid":{"rendered":"https:\/\/nis-foundation.org\/globaldev\/?page_id=5"},"modified":"2021-10-06T20:57:06","modified_gmt":"2021-10-06T18:57:06","slug":"terms","status":"publish","type":"page","link":"https:\/\/globalestillinger.no\/no\/terms\/","title":{"rendered":"Betingelser"},"content":{"rendered":"<p>P\u00e5 Globalestillinger.no utlyses jobber, konsulenttjenester, praksisplasser og frivillige roller p\u00e5 vegne av norskregistrerte virksomheter (innebefatter organisasjoner, stiftelser, kommersielle konsulentselskaper, etc.) i norsk frivillig sektor og bistand. Tjenesten er gratis. Utlysningene skal v\u00e6re relevante for fagpersoner og andre som \u00f8nsker \u00e5 jobbe innen bistand gjennom virksomheter som er registrert i <a href=\"https:\/\/www.brreg.no\/\" target=\"_blank\" rel=\"noopener\">Br\u00f8nn\u00f8ysund Register Center<\/a>.<\/p>\n<p>NIS forbeholder seg retten til \u00e5 nekte publisering av utlysninger som ikke oppfyller ovennevnte kriterier eller som anses \u00e5 v\u00e6re diskriminerende p\u00e5 grunnlag av rase, hudfarge, kj\u00f8nnsidentitet- eller uttrykk, kj\u00f8nn, seksuell orientering, funksjonsnedsettelse, religion, politisk eller annen mening, nasjonal eller sosial opprinnelse, eiendom, f\u00f8dsel eller annen status.<\/p>\n<p>NIS godtar ikke utlysninger fra virksomheter eller personer som ber om gebyr eller andre \u00f8konomiske bidrag fra s\u00f8kere i forbindelse med s\u00f8knaden.<\/p>\n<p class=\" translation-block\">NIS gj\u00f8r sitt ytterste for \u00e5 sikre at enhver utlysning er ekte, men p\u00e5tar seg ikke noe ansvar for <a href=\"https:\/\/globalestillinger.no\/no\/job-fraud\/\" target=\"_self\">falske jobber eller annet bedrageri i forbindelse med utlysningen<\/a>.<\/p>\n<p>NIS er ikke ansvarlig for andres bruk av publiserte utlysninger og oppfordrer annons\u00f8rer til \u00e5 overv\u00e5ke slik uautorisert bruk av utlysningene sine.<\/p>\n<p>&nbsp;<\/p>\n<p>&nbsp;<\/p>","protected":false},"excerpt":{"rendered":"<p>Through Globalestillinger.no, announcements for jobs, consultancies, internships, and volunteer opportunities are posted on behalf of Norwegian registered entities as a free service to the NGO community and aid sector in Norway. These announcements shall be relevant to professionals and those who are seeking opportunities in the aid sector through entities registered with the Br\u00f8nn\u00f8ysund Register [&hellip;]<\/p>","protected":false},"author":1,"featured_media":0,"parent":0,"menu_order":0,"comment_status":"closed","ping_status":"closed","template":"templates\/page-allow-translation.php","meta":{"_acf_changed":false,"footnotes":""},"class_list":["post-5","page","type-page","status-publish","hentry"],"acf":[],"jetpack_sharing_enabled":true,"_links":{"self":[{"href":"https:\/\/globalestillinger.no\/no\/wp-json\/wp\/v2\/pages\/5","targetHints":{"allow":["GET"]}}],"collection":[{"href":"https:\/\/globalestillinger.no\/no\/wp-json\/wp\/v2\/pages"}],"about":[{"href":"https:\/\/globalestillinger.no\/no\/wp-json\/wp\/v2\/types\/page"}],"author":[{"embeddable":true,"href":"https:\/\/globalestillinger.no\/no\/wp-json\/wp\/v2\/users\/1"}],"replies":[{"embeddable":true,"href":"https:\/\/globalestillinger.no\/no\/wp-json\/wp\/v2\/comments?post=5"}],"version-history":[{"count":1,"href":"https:\/\/globalestillinger.no\/no\/wp-json\/wp\/v2\/pages\/5\/revisions"}],"predecessor-version":[{"id":536,"href":"https:\/\/globalestillinger.no\/no\/wp-json\/wp\/v2\/pages\/5\/revisions\/536"}],"wp:attachment":[{"href":"https:\/\/globalestillinger.no\/no\/wp-json\/wp\/v2\/media?parent=5"}],"curies":[{"name":"wp","href":"https:\/\/api.w.org\/{rel}","templated":true}]}}