{"id":7,"date":"2021-05-28T15:58:14","date_gmt":"2021-05-28T15:58:14","guid":{"rendered":"https:\/\/nis-foundation.org\/globaldev\/?page_id=7"},"modified":"2021-07-15T20:10:57","modified_gmt":"2021-07-15T18:10:57","slug":"home","status":"publish","type":"page","link":"https:\/\/globalestillinger.no\/no\/","title":{"rendered":"Home"},"content":{"rendered":"<p><div class=\"job_listings\" data-location=\"\" data-keywords=\"\" data-show_filters=\"true\" data-show_pagination=\"false\" data-per_page=\"10\" data-orderby=\"featured\" data-order=\"DESC\" data-categories=\"\" data-disable-form-state-storage=\"\" data-featured_first=\"false\" data-post_id=\"7\" data-wpjmsf_enabled=\"1\" >\n<form class=\"job_filters wpjmsf_filters\" action=\"\">\n\t\n\t<div class=\"search_jobs search_listings\">\n\t\t<div id=\"wpjmsf-section-209\" class=\"wpjmsf-wrapper wpjmsf-job-section\" style=\"width: 100%; height: 100%;\"><search-and-filtering section=\"209\" listing-type-slug=\"job\"><\/search-and-filtering><\/div><div id=\"wpjmsf-section-382\" class=\"wpjmsf-wrapper wpjmsf-job-section\" style=\"width: 100%; height: 100%;\"><search-and-filtering section=\"382\" listing-type-slug=\"job\"><\/search-and-filtering><\/div><div id=\"wpjmsf-section-400\" class=\"wpjmsf-wrapper wpjmsf-job-section\" style=\"width: 100%; height: 100%;\"><search-and-filtering section=\"400\" listing-type-slug=\"job\"><\/search-and-filtering><\/div>\t<\/div>\n\n\t\t<div class=\"showing_jobs\"><\/div>\n\t<div id=\"search-filtering-job-not-init-error\" style=\"text-align: center; display: none;\">\n\t\t<h4>Listings were not initialized due to no sections configured to output on this page.<\/h4>\n\t\t<p>Use one of the built in methods to output a section on this page, or if you want to disable Search and Filtering, set the shortcode like this:\t\t\t<br\/><code>[jobs show_filters=\"false\" show_sf_filters=\"false\"]<\/code><\/p>\n\t<\/div>\n<input type=\"hidden\" name=\"trp-form-language\" value=\"no\"\/><\/form>\n\n<noscript>Din nettleser st\u00f8tter ikke JavaScript, eller st\u00f8tten er skrudd av. JavaScript m\u00e5 v\u00e6re tilgjengelig for \u00e5 se ledige stillinger.<\/noscript>\n<ul class=\"job_listings\">\n<\/ul>\n<a class=\"load_more_jobs\" href=\"#\" style=\"display:none;\"><strong>Last inn flere utlysninger<\/strong><\/a><\/div><br \/>\n<\/p>","protected":false},"excerpt":{"rendered":"","protected":false},"author":1,"featured_media":0,"parent":0,"menu_order":0,"comment_status":"closed","ping_status":"closed","template":"","meta":{"_acf_changed":false,"footnotes":""},"class_list":["post-7","page","type-page","status-publish","hentry"],"acf":[],"jetpack_sharing_enabled":true,"_links":{"self":[{"href":"https:\/\/globalestillinger.no\/no\/wp-json\/wp\/v2\/pages\/7","targetHints":{"allow":["GET"]}}],"collection":[{"href":"https:\/\/globalestillinger.no\/no\/wp-json\/wp\/v2\/pages"}],"about":[{"href":"https:\/\/globalestillinger.no\/no\/wp-json\/wp\/v2\/types\/page"}],"author":[{"embeddable":true,"href":"https:\/\/globalestillinger.no\/no\/wp-json\/wp\/v2\/users\/1"}],"replies":[{"embeddable":true,"href":"https:\/\/globalestillinger.no\/no\/wp-json\/wp\/v2\/comments?post=7"}],"version-history":[{"count":0,"href":"https:\/\/globalestillinger.no\/no\/wp-json\/wp\/v2\/pages\/7\/revisions"}],"wp:attachment":[{"href":"https:\/\/globalestillinger.no\/no\/wp-json\/wp\/v2\/media?parent=7"}],"curies":[{"name":"wp","href":"https:\/\/api.w.org\/{rel}","templated":true}]}}